{"id":5047,"date":"2022-04-19T06:27:37","date_gmt":"2022-04-19T06:27:37","guid":{"rendered":"https:\/\/lean-resitve.si\/izdelek\/vsm-predlozak\/"},"modified":"2025-02-20T10:02:43","modified_gmt":"2025-02-20T10:02:43","slug":"vsm-predlozak","status":"publish","type":"product","link":"https:\/\/lean-resitve.si\/hr\/izdelek\/vsm-predlozak\/","title":{"rendered":"VSM PREDLO\u017dAK"},"content":{"rendered":"<p>Prezentacija je namijenjena upoznavanju i demonstraciji pravilnog na\u010dina implementacije VSM metode. Prezentacijom \u0107ete dobiti izvrstan alat za upoznavanje svojih kolega s ispravnim pristupom, kao i svim potrebnim koracima kako pravilno pristupiti metodi. <\/p>\n","protected":false},"excerpt":{"rendered":"<p>Prezentacija je namijenjena upoznavanju i demonstraciji pravilnog na\u010dina implementacije VSM metode. Prezentacijom \u0107ete dobiti izvrstan alat za upoznavanje svojih kolega s ispravnim pristupom, kao i svim potrebnim koracima kako pravilno pristupiti metodi.<\/p>\n","protected":false},"featured_media":4381,"comment_status":"open","ping_status":"closed","template":"","meta":{"_et_pb_use_builder":"","_et_pb_old_content":"","_et_gb_content_width":""},"product_brand":[],"product_cat":[278],"product_tag":[],"class_list":{"0":"post-5047","1":"product","2":"type-product","3":"status-publish","4":"has-post-thumbnail","6":"product_cat-vsm-hr","8":"first","9":"instock","10":"downloadable","11":"virtual","12":"purchasable","13":"product-type-simple"},"_links":{"self":[{"href":"https:\/\/lean-resitve.si\/hr\/wp-json\/wp\/v2\/product\/5047","targetHints":{"allow":["GET"]}}],"collection":[{"href":"https:\/\/lean-resitve.si\/hr\/wp-json\/wp\/v2\/product"}],"about":[{"href":"https:\/\/lean-resitve.si\/hr\/wp-json\/wp\/v2\/types\/product"}],"replies":[{"embeddable":true,"href":"https:\/\/lean-resitve.si\/hr\/wp-json\/wp\/v2\/comments?post=5047"}],"wp:featuredmedia":[{"embeddable":true,"href":"https:\/\/lean-resitve.si\/hr\/wp-json\/wp\/v2\/media\/4381"}],"wp:attachment":[{"href":"https:\/\/lean-resitve.si\/hr\/wp-json\/wp\/v2\/media?parent=5047"}],"wp:term":[{"taxonomy":"product_brand","embeddable":true,"href":"https:\/\/lean-resitve.si\/hr\/wp-json\/wp\/v2\/product_brand?post=5047"},{"taxonomy":"product_cat","embeddable":true,"href":"https:\/\/lean-resitve.si\/hr\/wp-json\/wp\/v2\/product_cat?post=5047"},{"taxonomy":"product_tag","embeddable":true,"href":"https:\/\/lean-resitve.si\/hr\/wp-json\/wp\/v2\/product_tag?post=5047"}],"curies":[{"name":"wp","href":"https:\/\/api.w.org\/{rel}","templated":true}]}}