{"id":5046,"date":"2022-06-06T06:22:15","date_gmt":"2022-06-06T06:22:15","guid":{"rendered":"https:\/\/lean-resitve.si\/izdelek\/vsm\/"},"modified":"2025-02-20T10:02:41","modified_gmt":"2025-02-20T10:02:41","slug":"vsm","status":"publish","type":"product","link":"https:\/\/lean-resitve.si\/hr\/izdelek\/vsm\/","title":{"rendered":"VSM"},"content":{"rendered":"<p>Dokument je namijenjen demonstriranju promicanja VSM metode. Njime \u0107ete dobiti odli\u010dan grafi\u010dki prikaz za sve zaposlenike u tvrtki i promovirati metodu. <\/p>\n","protected":false},"excerpt":{"rendered":"<p>Dokument je namijenjen demonstriranju promicanja VSM metode. Njime \u0107ete dobiti odli\u010dan grafi\u010dki prikaz za sve zaposlenike u tvrtki i promovirati metodu.<\/p>\n","protected":false},"featured_media":4877,"comment_status":"open","ping_status":"closed","template":"","meta":{"_et_pb_use_builder":"","_et_pb_old_content":"","_et_gb_content_width":""},"product_brand":[],"product_cat":[278],"product_tag":[],"class_list":{"0":"post-5046","1":"product","2":"type-product","3":"status-publish","4":"has-post-thumbnail","6":"product_cat-vsm-hr","8":"first","9":"instock","10":"downloadable","11":"virtual","12":"purchasable","13":"product-type-simple"},"_links":{"self":[{"href":"https:\/\/lean-resitve.si\/hr\/wp-json\/wp\/v2\/product\/5046","targetHints":{"allow":["GET"]}}],"collection":[{"href":"https:\/\/lean-resitve.si\/hr\/wp-json\/wp\/v2\/product"}],"about":[{"href":"https:\/\/lean-resitve.si\/hr\/wp-json\/wp\/v2\/types\/product"}],"replies":[{"embeddable":true,"href":"https:\/\/lean-resitve.si\/hr\/wp-json\/wp\/v2\/comments?post=5046"}],"wp:featuredmedia":[{"embeddable":true,"href":"https:\/\/lean-resitve.si\/hr\/wp-json\/wp\/v2\/media\/4877"}],"wp:attachment":[{"href":"https:\/\/lean-resitve.si\/hr\/wp-json\/wp\/v2\/media?parent=5046"}],"wp:term":[{"taxonomy":"product_brand","embeddable":true,"href":"https:\/\/lean-resitve.si\/hr\/wp-json\/wp\/v2\/product_brand?post=5046"},{"taxonomy":"product_cat","embeddable":true,"href":"https:\/\/lean-resitve.si\/hr\/wp-json\/wp\/v2\/product_cat?post=5046"},{"taxonomy":"product_tag","embeddable":true,"href":"https:\/\/lean-resitve.si\/hr\/wp-json\/wp\/v2\/product_tag?post=5046"}],"curies":[{"name":"wp","href":"https:\/\/api.w.org\/{rel}","templated":true}]}}