{"id":5027,"date":"2022-06-06T06:16:59","date_gmt":"2022-06-06T06:16:59","guid":{"rendered":"https:\/\/lean-resitve.si\/izdelek\/smed\/"},"modified":"2025-02-20T10:01:42","modified_gmt":"2025-02-20T10:01:42","slug":"smed","status":"publish","type":"product","link":"https:\/\/lean-resitve.si\/hr\/izdelek\/smed\/","title":{"rendered":"SMED"},"content":{"rendered":"<p>Prezentacija je namijenjena upoznavanju i demonstraciji pravilnog na\u010dina implementacije SMED metode Prezentacijom \u0107ete dobiti materijal za upoznavanje i upoznavanje kolega s pravilnim pristupom implementacije i pra\u0107enja metode.  <\/p>\n","protected":false},"excerpt":{"rendered":"<p>Prezentacija je namijenjena upoznavanju i demonstraciji pravilnog na\u010dina implementacije SMED metode Prezentacijom \u0107ete dobiti materijal za upoznavanje i upoznavanje kolega s pravilnim pristupom implementacije i pra\u0107enja metode.<\/p>\n","protected":false},"featured_media":4886,"comment_status":"open","ping_status":"closed","template":"","meta":{"_et_pb_use_builder":"","_et_pb_old_content":"","_et_gb_content_width":""},"product_brand":[],"product_cat":[268],"product_tag":[],"class_list":{"0":"post-5027","1":"product","2":"type-product","3":"status-publish","4":"has-post-thumbnail","6":"product_cat-smed","8":"first","9":"instock","10":"downloadable","11":"virtual","12":"purchasable","13":"product-type-simple"},"_links":{"self":[{"href":"https:\/\/lean-resitve.si\/hr\/wp-json\/wp\/v2\/product\/5027","targetHints":{"allow":["GET"]}}],"collection":[{"href":"https:\/\/lean-resitve.si\/hr\/wp-json\/wp\/v2\/product"}],"about":[{"href":"https:\/\/lean-resitve.si\/hr\/wp-json\/wp\/v2\/types\/product"}],"replies":[{"embeddable":true,"href":"https:\/\/lean-resitve.si\/hr\/wp-json\/wp\/v2\/comments?post=5027"}],"wp:featuredmedia":[{"embeddable":true,"href":"https:\/\/lean-resitve.si\/hr\/wp-json\/wp\/v2\/media\/4886"}],"wp:attachment":[{"href":"https:\/\/lean-resitve.si\/hr\/wp-json\/wp\/v2\/media?parent=5027"}],"wp:term":[{"taxonomy":"product_brand","embeddable":true,"href":"https:\/\/lean-resitve.si\/hr\/wp-json\/wp\/v2\/product_brand?post=5027"},{"taxonomy":"product_cat","embeddable":true,"href":"https:\/\/lean-resitve.si\/hr\/wp-json\/wp\/v2\/product_cat?post=5027"},{"taxonomy":"product_tag","embeddable":true,"href":"https:\/\/lean-resitve.si\/hr\/wp-json\/wp\/v2\/product_tag?post=5027"}],"curies":[{"name":"wp","href":"https:\/\/api.w.org\/{rel}","templated":true}]}}