{"id":5026,"date":"2022-04-19T06:27:37","date_gmt":"2022-04-19T06:27:37","guid":{"rendered":"https:\/\/lean-resitve.si\/izdelek\/plan-ciscenja\/"},"modified":"2025-02-20T09:59:56","modified_gmt":"2025-02-20T09:59:56","slug":"plan-ciscenja","status":"publish","type":"product","link":"https:\/\/lean-resitve.si\/hr\/izdelek\/plan-ciscenja\/","title":{"rendered":"PLAN \u010cI\u0160\u0106ENJA"},"content":{"rendered":"<p>Dokument je namijenjen standardiziranju provedbe \u010di\u0161\u0107enja za pojedino radno mjesto ili liniju. Omogu\u0107it \u0107e vam pra\u0107enje dodijeljenih zadataka za pojedinca ili grupu i osigurati \u010disto\u0107u na radnom mjestu. <\/p>\n","protected":false},"excerpt":{"rendered":"<p>Dokument je namijenjen standardiziranju provedbe \u010di\u0161\u0107enja za pojedino radno mjesto ili liniju. Omogu\u0107it \u0107e vam pra\u0107enje dodijeljenih zadataka za pojedinca ili grupu i osigurati \u010disto\u0107u na radnom mjestu.<\/p>\n","protected":false},"featured_media":4371,"comment_status":"open","ping_status":"closed","template":"","meta":{"_et_pb_use_builder":"","_et_pb_old_content":"","_et_gb_content_width":""},"product_brand":[],"product_cat":[265],"product_tag":[],"class_list":{"0":"post-5026","1":"product","2":"type-product","3":"status-publish","4":"has-post-thumbnail","6":"product_cat-5s-hr","8":"first","9":"instock","10":"downloadable","11":"virtual","12":"purchasable","13":"product-type-simple"},"_links":{"self":[{"href":"https:\/\/lean-resitve.si\/hr\/wp-json\/wp\/v2\/product\/5026","targetHints":{"allow":["GET"]}}],"collection":[{"href":"https:\/\/lean-resitve.si\/hr\/wp-json\/wp\/v2\/product"}],"about":[{"href":"https:\/\/lean-resitve.si\/hr\/wp-json\/wp\/v2\/types\/product"}],"replies":[{"embeddable":true,"href":"https:\/\/lean-resitve.si\/hr\/wp-json\/wp\/v2\/comments?post=5026"}],"wp:featuredmedia":[{"embeddable":true,"href":"https:\/\/lean-resitve.si\/hr\/wp-json\/wp\/v2\/media\/4371"}],"wp:attachment":[{"href":"https:\/\/lean-resitve.si\/hr\/wp-json\/wp\/v2\/media?parent=5026"}],"wp:term":[{"taxonomy":"product_brand","embeddable":true,"href":"https:\/\/lean-resitve.si\/hr\/wp-json\/wp\/v2\/product_brand?post=5026"},{"taxonomy":"product_cat","embeddable":true,"href":"https:\/\/lean-resitve.si\/hr\/wp-json\/wp\/v2\/product_cat?post=5026"},{"taxonomy":"product_tag","embeddable":true,"href":"https:\/\/lean-resitve.si\/hr\/wp-json\/wp\/v2\/product_tag?post=5026"}],"curies":[{"name":"wp","href":"https:\/\/api.w.org\/{rel}","templated":true}]}}