{"id":5023,"date":"2022-04-19T06:27:37","date_gmt":"2022-04-19T06:27:37","guid":{"rendered":"https:\/\/lean-resitve.si\/izdelek\/instant-kaizen\/"},"modified":"2025-02-20T10:02:40","modified_gmt":"2025-02-20T10:02:40","slug":"instant-kaizen","status":"publish","type":"product","link":"https:\/\/lean-resitve.si\/hr\/izdelek\/instant-kaizen\/","title":{"rendered":"INSTANT KAIZEN"},"content":{"rendered":"<p>Dokument je namijenjen pru\u017eanju ispravnog pristupa metodi sa svim potrebnim informacijama. Uz njega \u0107ete dobiti vodi\u010d za pravilno izvedenu radionicu s vizualnim prikazom i uputama za sve potrebne korake. <\/p>\n","protected":false},"excerpt":{"rendered":"<p>Dokument je namijenjen pru\u017eanju ispravnog pristupa metodi sa svim potrebnim informacijama. Uz njega \u0107ete dobiti vodi\u010d za pravilno izvedenu radionicu s vizualnim prikazom i uputama za sve potrebne korake.<\/p>\n","protected":false},"featured_media":4357,"comment_status":"open","ping_status":"closed","template":"","meta":{"_et_pb_use_builder":"","_et_pb_old_content":"","_et_gb_content_width":""},"product_brand":[],"product_cat":[270],"product_tag":[],"class_list":{"0":"post-5023","1":"product","2":"type-product","3":"status-publish","4":"has-post-thumbnail","6":"product_cat-kaizen-hr","8":"first","9":"instock","10":"downloadable","11":"virtual","12":"purchasable","13":"product-type-simple"},"_links":{"self":[{"href":"https:\/\/lean-resitve.si\/hr\/wp-json\/wp\/v2\/product\/5023","targetHints":{"allow":["GET"]}}],"collection":[{"href":"https:\/\/lean-resitve.si\/hr\/wp-json\/wp\/v2\/product"}],"about":[{"href":"https:\/\/lean-resitve.si\/hr\/wp-json\/wp\/v2\/types\/product"}],"replies":[{"embeddable":true,"href":"https:\/\/lean-resitve.si\/hr\/wp-json\/wp\/v2\/comments?post=5023"}],"wp:featuredmedia":[{"embeddable":true,"href":"https:\/\/lean-resitve.si\/hr\/wp-json\/wp\/v2\/media\/4357"}],"wp:attachment":[{"href":"https:\/\/lean-resitve.si\/hr\/wp-json\/wp\/v2\/media?parent=5023"}],"wp:term":[{"taxonomy":"product_brand","embeddable":true,"href":"https:\/\/lean-resitve.si\/hr\/wp-json\/wp\/v2\/product_brand?post=5023"},{"taxonomy":"product_cat","embeddable":true,"href":"https:\/\/lean-resitve.si\/hr\/wp-json\/wp\/v2\/product_cat?post=5023"},{"taxonomy":"product_tag","embeddable":true,"href":"https:\/\/lean-resitve.si\/hr\/wp-json\/wp\/v2\/product_tag?post=5023"}],"curies":[{"name":"wp","href":"https:\/\/api.w.org\/{rel}","templated":true}]}}