{"id":5021,"date":"2022-04-19T06:27:37","date_gmt":"2022-04-19T06:27:37","guid":{"rendered":"https:\/\/lean-resitve.si\/izdelek\/vzd-spisak\/"},"modified":"2025-02-20T10:02:40","modified_gmt":"2025-02-20T10:02:40","slug":"vz-check-list","status":"publish","type":"product","link":"https:\/\/lean-resitve.si\/hr\/izdelek\/vz-check-list\/","title":{"rendered":"VZD. SPISAK"},"content":{"rendered":"<p>Obrazac slu\u017ei za kvalitetnu vizualizaciju i provedbu aktivnosti odr\u017eavanja zajedni\u010dki svim sudionicima. Obrazac \u0107e pojednostaviti i jasno ocrtati odgovornosti za pojedine aktivnosti odr\u017eavanja unutar TPM metode ili nadogradnje sustava odr\u017eavanja. <\/p>\n","protected":false},"excerpt":{"rendered":"<p>Obrazac slu\u017ei za kvalitetnu vizualizaciju i provedbu aktivnosti odr\u017eavanja zajedni\u010dki svim sudionicima. Obrazac \u0107e pojednostaviti i jasno ocrtati odgovornosti za pojedine aktivnosti odr\u017eavanja unutar TPM metode ili nadogradnje sustava odr\u017eavanja.<\/p>\n","protected":false},"featured_media":4279,"comment_status":"open","ping_status":"closed","template":"","meta":{"_et_pb_use_builder":"","_et_pb_old_content":"","_et_gb_content_width":""},"product_brand":[],"product_cat":[272],"product_tag":[],"class_list":{"0":"post-5021","1":"product","2":"type-product","3":"status-publish","4":"has-post-thumbnail","6":"product_cat-tpm-hr","8":"first","9":"instock","10":"downloadable","11":"virtual","12":"purchasable","13":"product-type-simple"},"_links":{"self":[{"href":"https:\/\/lean-resitve.si\/hr\/wp-json\/wp\/v2\/product\/5021","targetHints":{"allow":["GET"]}}],"collection":[{"href":"https:\/\/lean-resitve.si\/hr\/wp-json\/wp\/v2\/product"}],"about":[{"href":"https:\/\/lean-resitve.si\/hr\/wp-json\/wp\/v2\/types\/product"}],"replies":[{"embeddable":true,"href":"https:\/\/lean-resitve.si\/hr\/wp-json\/wp\/v2\/comments?post=5021"}],"wp:featuredmedia":[{"embeddable":true,"href":"https:\/\/lean-resitve.si\/hr\/wp-json\/wp\/v2\/media\/4279"}],"wp:attachment":[{"href":"https:\/\/lean-resitve.si\/hr\/wp-json\/wp\/v2\/media?parent=5021"}],"wp:term":[{"taxonomy":"product_brand","embeddable":true,"href":"https:\/\/lean-resitve.si\/hr\/wp-json\/wp\/v2\/product_brand?post=5021"},{"taxonomy":"product_cat","embeddable":true,"href":"https:\/\/lean-resitve.si\/hr\/wp-json\/wp\/v2\/product_cat?post=5021"},{"taxonomy":"product_tag","embeddable":true,"href":"https:\/\/lean-resitve.si\/hr\/wp-json\/wp\/v2\/product_tag?post=5021"}],"curies":[{"name":"wp","href":"https:\/\/api.w.org\/{rel}","templated":true}]}}