{"id":5019,"date":"2022-04-19T06:27:37","date_gmt":"2022-04-19T06:27:37","guid":{"rendered":"https:\/\/lean-resitve.si\/izdelek\/pdca-plakat\/"},"modified":"2025-02-20T10:02:35","modified_gmt":"2025-02-20T10:02:35","slug":"pdca-poster","status":"publish","type":"product","link":"https:\/\/lean-resitve.si\/hr\/izdelek\/pdca-poster\/","title":{"rendered":"PDCA PLAKAT"},"content":{"rendered":"<p>Dokument je namijenjen pru\u017eanju ispravnog pristupa metodi sa svim potrebnim informacijama. S njim \u0107ete dobiti vodi\u010d za rje\u0161avanje problema za svoj tim. Dokument slu\u017ei kao izvrstan grafi\u010dki prikaz napretka na izazovu koji ste odlu\u010dili rije\u0161iti ili pobolj\u0161ati.  <\/p>\n","protected":false},"excerpt":{"rendered":"<p>Dokument je namijenjen pru\u017eanju ispravnog pristupa metodi sa svim potrebnim informacijama. S njim \u0107ete dobiti vodi\u010d za rje\u0161avanje problema za svoj tim. Dokument slu\u017ei kao izvrstan grafi\u010dki prikaz napretka na izazovu koji ste odlu\u010dili rije\u0161iti ili pobolj\u0161ati.<\/p>\n","protected":false},"featured_media":4365,"comment_status":"open","ping_status":"closed","template":"","meta":{"_et_pb_use_builder":"","_et_pb_old_content":"","_et_gb_content_width":""},"product_brand":[],"product_cat":[267],"product_tag":[],"class_list":{"0":"post-5019","1":"product","2":"type-product","3":"status-publish","4":"has-post-thumbnail","6":"product_cat-prob-rjesavanje","8":"first","9":"instock","10":"downloadable","11":"virtual","12":"purchasable","13":"product-type-simple"},"_links":{"self":[{"href":"https:\/\/lean-resitve.si\/hr\/wp-json\/wp\/v2\/product\/5019","targetHints":{"allow":["GET"]}}],"collection":[{"href":"https:\/\/lean-resitve.si\/hr\/wp-json\/wp\/v2\/product"}],"about":[{"href":"https:\/\/lean-resitve.si\/hr\/wp-json\/wp\/v2\/types\/product"}],"replies":[{"embeddable":true,"href":"https:\/\/lean-resitve.si\/hr\/wp-json\/wp\/v2\/comments?post=5019"}],"wp:featuredmedia":[{"embeddable":true,"href":"https:\/\/lean-resitve.si\/hr\/wp-json\/wp\/v2\/media\/4365"}],"wp:attachment":[{"href":"https:\/\/lean-resitve.si\/hr\/wp-json\/wp\/v2\/media?parent=5019"}],"wp:term":[{"taxonomy":"product_brand","embeddable":true,"href":"https:\/\/lean-resitve.si\/hr\/wp-json\/wp\/v2\/product_brand?post=5019"},{"taxonomy":"product_cat","embeddable":true,"href":"https:\/\/lean-resitve.si\/hr\/wp-json\/wp\/v2\/product_cat?post=5019"},{"taxonomy":"product_tag","embeddable":true,"href":"https:\/\/lean-resitve.si\/hr\/wp-json\/wp\/v2\/product_tag?post=5019"}],"curies":[{"name":"wp","href":"https:\/\/api.w.org\/{rel}","templated":true}]}}