{"id":5016,"date":"2022-06-06T06:22:41","date_gmt":"2022-06-06T06:22:41","guid":{"rendered":"https:\/\/lean-resitve.si\/izdelek\/kaizen\/"},"modified":"2022-08-10T09:21:51","modified_gmt":"2022-08-10T09:21:51","slug":"kaizen","status":"publish","type":"product","link":"https:\/\/lean-resitve.si\/hr\/izdelek\/kaizen\/","title":{"rendered":"KAIZEN"},"content":{"rendered":"","protected":false},"excerpt":{"rendered":"<p>Prednosti uvo\u0111enja &#8220;KAIZEN &#8211; kontinuirano pobolj\u0161anje&#8221;:<br \/>\nPojednostavljenje procesa rada (eliminacija te\u0161kih zadataka), ve\u0107a u\u010dinkovitost, ve\u0107a produktivnost, ve\u0107a kvaliteta, ve\u0107a sigurnost, manje otpada, manje zaliha &#8211; vi\u0161e prostora<\/p>\n","protected":false},"featured_media":4874,"comment_status":"open","ping_status":"closed","template":"","meta":{"_et_pb_use_builder":"","_et_pb_old_content":"","_et_gb_content_width":""},"product_brand":[],"product_cat":[270],"product_tag":[],"class_list":{"0":"post-5016","1":"product","2":"type-product","3":"status-publish","4":"has-post-thumbnail","6":"product_cat-kaizen-hr","8":"first","9":"instock","10":"downloadable","11":"virtual","12":"purchasable","13":"product-type-simple"},"_links":{"self":[{"href":"https:\/\/lean-resitve.si\/hr\/wp-json\/wp\/v2\/product\/5016","targetHints":{"allow":["GET"]}}],"collection":[{"href":"https:\/\/lean-resitve.si\/hr\/wp-json\/wp\/v2\/product"}],"about":[{"href":"https:\/\/lean-resitve.si\/hr\/wp-json\/wp\/v2\/types\/product"}],"replies":[{"embeddable":true,"href":"https:\/\/lean-resitve.si\/hr\/wp-json\/wp\/v2\/comments?post=5016"}],"wp:featuredmedia":[{"embeddable":true,"href":"https:\/\/lean-resitve.si\/hr\/wp-json\/wp\/v2\/media\/4874"}],"wp:attachment":[{"href":"https:\/\/lean-resitve.si\/hr\/wp-json\/wp\/v2\/media?parent=5016"}],"wp:term":[{"taxonomy":"product_brand","embeddable":true,"href":"https:\/\/lean-resitve.si\/hr\/wp-json\/wp\/v2\/product_brand?post=5016"},{"taxonomy":"product_cat","embeddable":true,"href":"https:\/\/lean-resitve.si\/hr\/wp-json\/wp\/v2\/product_cat?post=5016"},{"taxonomy":"product_tag","embeddable":true,"href":"https:\/\/lean-resitve.si\/hr\/wp-json\/wp\/v2\/product_tag?post=5016"}],"curies":[{"name":"wp","href":"https:\/\/api.w.org\/{rel}","templated":true}]}}