{"id":5012,"date":"2022-04-19T06:27:37","date_gmt":"2022-04-19T06:27:37","guid":{"rendered":"https:\/\/lean-resitve.si\/izdelek\/a3-dokument\/"},"modified":"2025-02-20T10:02:31","modified_gmt":"2025-02-20T10:02:31","slug":"a3-dokument","status":"publish","type":"product","link":"https:\/\/lean-resitve.si\/hr\/izdelek\/a3-dokument\/","title":{"rendered":"A3 DOKUMENT"},"content":{"rendered":"<p>Dokument je namijenjen pru\u017eanju strukturiranog pristupa rje\u0161avanju problema za slo\u017eene izazove. Uz to \u0107e va\u0161 tim dobiti alat koji \u0107e im pomo\u0107i da se u 9 koraka uhvate u ko\u0161tac s najte\u017eim izazovima.   <\/p>\n","protected":false},"excerpt":{"rendered":"<p>Dokument je namijenjen pru\u017eanju strukturiranog pristupa rje\u0161avanju problema za slo\u017eene izazove. Uz to \u0107e va\u0161 tim dobiti alat koji \u0107e im pomo\u0107i da se u 9 koraka uhvate u ko\u0161tac s najte\u017eim izazovima.<\/p>\n","protected":false},"featured_media":4363,"comment_status":"open","ping_status":"closed","template":"","meta":{"_et_pb_use_builder":"","_et_pb_old_content":"","_et_gb_content_width":""},"product_brand":[],"product_cat":[267],"product_tag":[],"class_list":{"0":"post-5012","1":"product","2":"type-product","3":"status-publish","4":"has-post-thumbnail","6":"product_cat-prob-rjesavanje","8":"first","9":"instock","10":"downloadable","11":"virtual","12":"purchasable","13":"product-type-simple"},"_links":{"self":[{"href":"https:\/\/lean-resitve.si\/hr\/wp-json\/wp\/v2\/product\/5012","targetHints":{"allow":["GET"]}}],"collection":[{"href":"https:\/\/lean-resitve.si\/hr\/wp-json\/wp\/v2\/product"}],"about":[{"href":"https:\/\/lean-resitve.si\/hr\/wp-json\/wp\/v2\/types\/product"}],"replies":[{"embeddable":true,"href":"https:\/\/lean-resitve.si\/hr\/wp-json\/wp\/v2\/comments?post=5012"}],"wp:featuredmedia":[{"embeddable":true,"href":"https:\/\/lean-resitve.si\/hr\/wp-json\/wp\/v2\/media\/4363"}],"wp:attachment":[{"href":"https:\/\/lean-resitve.si\/hr\/wp-json\/wp\/v2\/media?parent=5012"}],"wp:term":[{"taxonomy":"product_brand","embeddable":true,"href":"https:\/\/lean-resitve.si\/hr\/wp-json\/wp\/v2\/product_brand?post=5012"},{"taxonomy":"product_cat","embeddable":true,"href":"https:\/\/lean-resitve.si\/hr\/wp-json\/wp\/v2\/product_cat?post=5012"},{"taxonomy":"product_tag","embeddable":true,"href":"https:\/\/lean-resitve.si\/hr\/wp-json\/wp\/v2\/product_tag?post=5012"}],"curies":[{"name":"wp","href":"https:\/\/api.w.org\/{rel}","templated":true}]}}