{"id":5002,"date":"2022-04-19T06:27:36","date_gmt":"2022-04-19T06:27:36","guid":{"rendered":"https:\/\/lean-resitve.si\/izdelek\/dnevna-mjesecna-produktivnost\/"},"modified":"2025-02-20T10:00:01","modified_gmt":"2025-02-20T10:00:01","slug":"dnevno-mjesecna-produktivnost","status":"publish","type":"product","link":"https:\/\/lean-resitve.si\/hr\/izdelek\/dnevno-mjesecna-produktivnost\/","title":{"rendered":"DNEVNA MJESE\u010cNA PRODUKTIVNOST"},"content":{"rendered":"<p>Dokument je namijenjen za stroj, liniju za iskazivanje dnevne produktivnosti na mjese\u010dnoj razini. Dokument Vam daje i grafi\u010dki prikaz na mjese\u010dnoj razini za svaki dan posebno. Njime \u0107ete dobiti pregled produktivnosti i pratiti trendove kroz dulje vremensko razdoblje.  <\/p>\n","protected":false},"excerpt":{"rendered":"<p>Dokument je namijenjen za stroj, liniju za iskazivanje dnevne produktivnosti na mjese\u010dnoj razini. Dokument Vam daje i grafi\u010dki prikaz na mjese\u010dnoj razini za svaki dan posebno. Njime \u0107ete dobiti pregled produktivnosti i pratiti trendove kroz dulje vremensko razdoblje.<\/p>\n","protected":false},"featured_media":4385,"comment_status":"open","ping_status":"closed","template":"","meta":{"_et_pb_use_builder":"","_et_pb_old_content":"","_et_gb_content_width":""},"product_brand":[],"product_cat":[263],"product_tag":[],"class_list":{"0":"post-5002","1":"product","2":"type-product","3":"status-publish","4":"has-post-thumbnail","6":"product_cat-opcenito","8":"first","9":"instock","10":"downloadable","11":"virtual","12":"purchasable","13":"product-type-simple"},"_links":{"self":[{"href":"https:\/\/lean-resitve.si\/hr\/wp-json\/wp\/v2\/product\/5002","targetHints":{"allow":["GET"]}}],"collection":[{"href":"https:\/\/lean-resitve.si\/hr\/wp-json\/wp\/v2\/product"}],"about":[{"href":"https:\/\/lean-resitve.si\/hr\/wp-json\/wp\/v2\/types\/product"}],"replies":[{"embeddable":true,"href":"https:\/\/lean-resitve.si\/hr\/wp-json\/wp\/v2\/comments?post=5002"}],"wp:featuredmedia":[{"embeddable":true,"href":"https:\/\/lean-resitve.si\/hr\/wp-json\/wp\/v2\/media\/4385"}],"wp:attachment":[{"href":"https:\/\/lean-resitve.si\/hr\/wp-json\/wp\/v2\/media?parent=5002"}],"wp:term":[{"taxonomy":"product_brand","embeddable":true,"href":"https:\/\/lean-resitve.si\/hr\/wp-json\/wp\/v2\/product_brand?post=5002"},{"taxonomy":"product_cat","embeddable":true,"href":"https:\/\/lean-resitve.si\/hr\/wp-json\/wp\/v2\/product_cat?post=5002"},{"taxonomy":"product_tag","embeddable":true,"href":"https:\/\/lean-resitve.si\/hr\/wp-json\/wp\/v2\/product_tag?post=5002"}],"curies":[{"name":"wp","href":"https:\/\/api.w.org\/{rel}","templated":true}]}}