{"id":4407,"date":"2021-09-18T22:07:01","date_gmt":"2021-09-18T22:07:01","guid":{"rendered":"https:\/\/lean-resitve.si\/lean-procesi-osnova-za-uspjesnu-digitalizaciju\/"},"modified":"2022-09-19T10:28:27","modified_gmt":"2022-09-19T10:28:27","slug":"lean-procesi-osnova-za-uspjesnu-digitalizaciju","status":"publish","type":"page","link":"https:\/\/lean-resitve.si\/hr\/lean-procesi-osnova-za-uspjesnu-digitalizaciju\/","title":{"rendered":"Lean procesi: osnova za uspje\u0161nu digitalizaciju hr"},"content":{"rendered":"<p>[et_pb_section fb_built=&#8221;1&#8243; admin_label=&#8221;Hero&#8221; _builder_version=&#8221;4.16&#8243; background_image=&#8221;https:\/\/lean-resitve.si\/wp-content\/uploads\/2022\/03\/circle-background-pattern.png&#8221; custom_padding=&#8221;|||&#8221; animation_style=&#8221;zoom&#8221; animation_intensity_zoom=&#8221;4%&#8221; global_colors_info=&#8221;{}&#8221; da_is_popup=&#8221;off&#8221; da_exit_intent=&#8221;off&#8221; da_has_close=&#8221;on&#8221; da_alt_close=&#8221;off&#8221; da_dark_close=&#8221;off&#8221; da_not_modal=&#8221;on&#8221; da_is_singular=&#8221;off&#8221; da_with_loader=&#8221;off&#8221; da_has_shadow=&#8221;on&#8221; da_disable_devices=&#8221;off|off|off&#8221;][et_pb_row _builder_version=&#8221;4.16&#8243; background_size=&#8221;initial&#8221; background_position=&#8221;top_left&#8221; background_repeat=&#8221;repeat&#8221; custom_padding=&#8221;|||&#8221; animation_style=&#8221;slide&#8221; animation_direction=&#8221;top&#8221; animation_intensity_slide=&#8221;3%&#8221; global_colors_info=&#8221;{}&#8221;][et_pb_column type=&#8221;4_4&#8243; _builder_version=&#8221;4.16&#8243; custom_padding=&#8221;|||&#8221; global_colors_info=&#8221;{}&#8221; custom_padding__hover=&#8221;|||&#8221;][et_pb_text _builder_version=&#8221;4.17.3&#8243; text_font=&#8221;||||||||&#8221; header_font=&#8221;Montserrat|700||on|||||dotted&#8221; header_text_color=&#8221;#353740&#8243; header_font_size=&#8221;60px&#8221; header_line_height=&#8221;1.3em&#8221; background_size=&#8221;initial&#8221; background_position=&#8221;top_left&#8221; background_repeat=&#8221;repeat&#8221; custom_margin=&#8221;|||&#8221; animation_style=&#8221;fade&#8221; header_font_size_tablet=&#8221;60px&#8221; header_font_size_phone=&#8221;35px&#8221; header_font_size_last_edited=&#8221;on|phone&#8221; locked=&#8221;off&#8221; global_colors_info=&#8221;{}&#8221;]<\/p>\n<h1><a href=\"https:\/\/lean-resitve.si\/hr\/lean-procesi-osnova-za-uspjesnu-digitalizaciju\/\" aria-current=\"page\" target=\"_top\" rel=\"noopener\">SLIM PROCESI SU TEMELJ DIGITALIZACIJE<\/a><\/h1>\n<p>[\/et_pb_text][et_pb_divider show_divider=&#8221;off&#8221; disabled_on=&#8221;on|on|off%22&#8243; _builder_version=&#8221;4.16&#8243; max_width=&#8221;120px&#8221; animation_style=&#8221;slide&#8221; animation_direction=&#8221;top&#8221; animation_intensity_slide=&#8221;30%&#8221; global_colors_info=&#8221;{}&#8221;][\/et_pb_divider][\/et_pb_column][\/et_pb_row][\/et_pb_section][et_pb_section fb_built=&#8221;1&#8243; admin_label=&#8221;Projects Section&#8221; _builder_version=&#8221;4.16&#8243; custom_margin=&#8221;|||&#8221; custom_padding=&#8221;3px||110px|||&#8221; global_colors_info=&#8221;{}&#8221; da_is_popup=&#8221;off&#8221; da_exit_intent=&#8221;off&#8221; da_has_close=&#8221;on&#8221; da_alt_close=&#8221;off&#8221; da_dark_close=&#8221;off&#8221; da_not_modal=&#8221;on&#8221; da_is_singular=&#8221;off&#8221; da_with_loader=&#8221;off&#8221; da_has_shadow=&#8221;on&#8221; da_disable_devices=&#8221;off|off|off&#8221;][et_pb_row admin_label=&#8221;Projekt 01&#8243; _builder_version=&#8221;4.16&#8243; background_size=&#8221;initial&#8221; background_position=&#8221;top_left&#8221; background_repeat=&#8221;repeat&#8221; custom_padding=&#8221;|||&#8221; global_colors_info=&#8221;{}&#8221;][et_pb_column type=&#8221;4_4&#8243; _builder_version=&#8221;4.16&#8243; custom_padding=&#8221;5%||5%|&#8221; global_colors_info=&#8221;{}&#8221; custom_padding__hover=&#8221;|||&#8221;][et_pb_text admin_label=&#8221;Number&#8221; _builder_version=&#8221;4.16&#8243; text_font=&#8221;Montserrat|on|||&#8221; text_text_color=&#8221;#de1b22&#8243; text_font_size=&#8221;80px&#8221; text_line_height=&#8221;1em&#8221; background_size=&#8221;initial&#8221; background_position=&#8221;top_left&#8221; background_repeat=&#8221;repeat&#8221; animation_style=&#8221;slide&#8221; animation_direction=&#8221;bottom&#8221; animation_intensity_slide=&#8221;20%&#8221; global_colors_info=&#8221;{}&#8221;]<\/p>\n<p>01<\/p>\n<p>[\/et_pb_text][et_pb_cta title=&#8221;Lean procesi: osnova uspje\u0161ne transformacije&#8221; button_url=&#8221;#&#8221; _builder_version=&#8221;4.17.3&#8243; header_font=&#8221;Montserrat|700|||||||&#8221; header_text_color=&#8221;#353740&#8243; header_line_height=&#8221;1.5em&#8221; body_font=&#8221;Montserrat||||||||&#8221; body_text_color=&#8221;#747d88&#8243; body_font_size=&#8221;18px&#8221; body_line_height=&#8221;1.8em&#8221; use_background_color=&#8221;off&#8221; background_size=&#8221;initial&#8221; background_position=&#8221;top_left&#8221; background_repeat=&#8221;repeat&#8221; custom_button=&#8221;on&#8221; button_text_color=&#8221;#747d88&#8243; button_border_width=&#8221;4px&#8221; button_border_color=&#8221;#747d88&#8243; button_border_radius=&#8221;100px&#8221; button_letter_spacing=&#8221;2px&#8221; button_font=&#8221;Montserrat|700||on|||||&#8221; button_icon=&#8221;&#x45;||divi||400&#8243; button_icon_color=&#8221;#747d88&#8243; text_orientation=&#8221;left&#8221; background_layout=&#8221;light&#8221; animation_style=&#8221;slide&#8221; animation_direction=&#8221;top&#8221; animation_intensity_slide=&#8221;6%&#8221; button_bg_color_hover=&#8221;rgba(0,0,0,0)&#8221; global_colors_info=&#8221;{}&#8221; button_text_size__hover_enabled=&#8221;off&#8221; button_one_text_size__hover_enabled=&#8221;off&#8221; button_two_text_size__hover_enabled=&#8221;off&#8221; button_text_color__hover_enabled=&#8221;off&#8221; button_one_text_color__hover_enabled=&#8221;off&#8221; button_two_text_color__hover_enabled=&#8221;off&#8221; button_border_width__hover_enabled=&#8221;off&#8221; button_one_border_width__hover_enabled=&#8221;off&#8221; button_two_border_width__hover_enabled=&#8221;off&#8221; button_border_color__hover_enabled=&#8221;off&#8221; button_one_border_color__hover_enabled=&#8221;off&#8221; button_two_border_color__hover_enabled=&#8221;off&#8221; button_border_radius__hover_enabled=&#8221;off&#8221; button_one_border_radius__hover_enabled=&#8221;off&#8221; button_two_border_radius__hover_enabled=&#8221;off&#8221; button_letter_spacing__hover_enabled=&#8221;off&#8221; button_one_letter_spacing__hover_enabled=&#8221;off&#8221; button_two_letter_spacing__hover_enabled=&#8221;off&#8221; button_bg_color__hover_enabled=&#8221;on&#8221; button_bg_color__hover=&#8221;rgba(0,0,0,0)&#8221; button_one_bg_color__hover_enabled=&#8221;off&#8221; button_two_bg_color__hover_enabled=&#8221;off&#8221;]<\/p>\n<p><span> <\/span>Oni su najbolji alat na putu do izvrsnosti, postizanju trajnog napretka<span> <\/span><strong>i prilago\u0111avanje poslovanja zahtjevima kupaca<\/strong> . Prakti\u010dna radionica \u0107e na zanimljiv i interaktivan na\u010din predstaviti poglede i izazove s kojima se tvrtke susre\u0107u u <strong>odr\u017eavanju gospodarskog u\u010dinka i rasta<\/strong> .<\/p>\n<p><a href=\"https:\/\/www.agencija-poti.si\/Clanki\/Vsi-clanki\/ArtMID\/637\/ArticleID\/440\/Digitalna-transformacija-%E2%80%93-izziv-podjetjem\" target=\"_blank\" rel=\"noopener\">Lean procesi temelj su uspje\u0161ne digitalne transformacije<\/a><\/p>\n<p>Svaka organizacija koja \u017eeli biti uspje\u0161na i dugoro\u010dno lider u svojoj industriji mora se pobrinuti za najbolje mogu\u0107e <strong>kori\u0161tenje resursa<\/strong> i bolje <strong>upravljanje tro\u0161kovima<\/strong> .<br \/>Upoznat \u0107ete se s na\u010dinom razvoja<span> <\/span><strong>izvrsni procesi u lean organizaciji<\/strong> , koji su preduvjet za<span> <\/span><strong>digitalna transformacija<\/strong> .<br \/>U provedbi vitke proizvodnje \/ logistike i<span> <\/span><strong>digitalna transformacija<\/strong><span> <\/span>zaposlenici su klju\u010d uspjeha. Predstavit \u0107emo primjere kako povezati sve dionike koji uspje\u0161no provode promjene. Lean procesi temelj su uspje\u0161ne digitalizacije.<\/p>\n<h3><strong>Teme:<\/strong><span> <\/span>inovacije na tom podru\u010dju<span> <\/span><a href=\"https:\/\/lean-resitve.si\/vitka-organizacija-lean-organizacija\/\">vitke organizacije<\/a><span> <\/span>u vezi s digitalnom transformacijom.<\/h3>\n<p>Razvoj kadrova za uspje\u0161no uvo\u0111enje lean procesa kao preduvjeta za digitalizaciju proizvodnje.<br \/>Inovacije u podru\u010dju vitke logistike s digitalnim rje\u0161enjima.<br \/>Va\u017enost SFM-a (upravljanje prodajnim prostorom) s metodom podr\u0161ke<span> <\/span><a href=\"https:\/\/www.lean-resitve.si\/lean-analitika\/\">Power BI<\/a><span> <\/span>analiti\u010dari za u\u010dinkovito dono\u0161enje odluka<\/p>\n<p>[\/et_pb_cta][et_pb_image src=&#8221;https:\/\/lean-resitve.si\/wp-content\/uploads\/2021\/09\/spremembe-in-digitalna-strategija-1-scaled.webp&#8221; alt=&#8221;TPM stupovi&#8221; title_text=&#8221;promjena-i-digitalna-strategija&#8221; _builder_version=&#8221;4.17.3&#8243; _module_preset=&#8221;default&#8221; global_colors_info=&#8221;{}&#8221;][\/et_pb_image][et_pb_text admin_label=&#8221;Number&#8221; _builder_version=&#8221;4.16&#8243; text_font=&#8221;Montserrat|on|||&#8221; text_text_color=&#8221;#de1b22&#8243; text_font_size=&#8221;80px&#8221; text_line_height=&#8221;1em&#8221; background_size=&#8221;initial&#8221; background_position=&#8221;top_left&#8221; background_repeat=&#8221;repeat&#8221; animation_style=&#8221;slide&#8221; animation_direction=&#8221;bottom&#8221; animation_intensity_slide=&#8221;20%&#8221; global_colors_info=&#8221;{}&#8221;]<\/p>\n<p>02<\/p>\n<p>[\/et_pb_text][et_pb_cta title=&#8221;Lean procesi: osnova uspje\u0161ne digitalizacije &#8211; prijedlozi za praksu:&#8221; button_url=&#8221;#&#8221; _builder_version=&#8221;4.17.3&#8243; header_font=&#8221;Montserrat|700|||||||&#8221; header_text_color=&#8221;#353740&#8243; header_line_height=&#8221;1.5em&#8221; body_font=&#8221;Montserrat||||||||&#8221; body_text_color=&#8221;#747d88&#8243; body_font_size=&#8221;18px&#8221; body_line_height=&#8221;1.8em&#8221; use_background_color=&#8221;off&#8221; background_size=&#8221;initial&#8221; background_position=&#8221;top_left&#8221; background_repeat=&#8221;repeat&#8221; custom_button=&#8221;on&#8221; button_text_color=&#8221;#747d88&#8243; button_border_width=&#8221;4px&#8221; button_border_color=&#8221;#747d88&#8243; button_border_radius=&#8221;100px&#8221; button_letter_spacing=&#8221;2px&#8221; button_font=&#8221;Montserrat|700||on|||||&#8221; button_icon=&#8221;&#x45;||divi||400&#8243; button_icon_color=&#8221;#747d88&#8243; text_orientation=&#8221;left&#8221; background_layout=&#8221;light&#8221; animation_style=&#8221;slide&#8221; animation_direction=&#8221;top&#8221; animation_intensity_slide=&#8221;6%&#8221; button_bg_color_hover=&#8221;rgba(0,0,0,0)&#8221; locked=&#8221;off&#8221; global_colors_info=&#8221;{}&#8221; button_text_size__hover_enabled=&#8221;off&#8221; button_one_text_size__hover_enabled=&#8221;off&#8221; button_two_text_size__hover_enabled=&#8221;off&#8221; button_text_color__hover_enabled=&#8221;off&#8221; button_one_text_color__hover_enabled=&#8221;off&#8221; button_two_text_color__hover_enabled=&#8221;off&#8221; button_border_width__hover_enabled=&#8221;off&#8221; button_one_border_width__hover_enabled=&#8221;off&#8221; button_two_border_width__hover_enabled=&#8221;off&#8221; button_border_color__hover_enabled=&#8221;off&#8221; button_one_border_color__hover_enabled=&#8221;off&#8221; button_two_border_color__hover_enabled=&#8221;off&#8221; button_border_radius__hover_enabled=&#8221;off&#8221; button_one_border_radius__hover_enabled=&#8221;off&#8221; button_two_border_radius__hover_enabled=&#8221;off&#8221; button_letter_spacing__hover_enabled=&#8221;off&#8221; button_one_letter_spacing__hover_enabled=&#8221;off&#8221; button_two_letter_spacing__hover_enabled=&#8221;off&#8221; button_bg_color__hover_enabled=&#8221;on&#8221; button_bg_color__hover=&#8221;rgba(0,0,0,0)&#8221; button_one_bg_color__hover_enabled=&#8221;off&#8221; button_two_bg_color__hover_enabled=&#8221;off&#8221;]<\/p>\n<p>Poznavanje stanja kori\u0161tenja upravlja\u010dkih rje\u0161enja stoga mo\u017ee biti va\u017eno polazi\u0161te za pripremu. Strategije organizacije za uvo\u0111enje digitalizacije odn. automatizacija rada u skladu s industrijskim na\u010delima 4.0.<\/p>\n<ul>\n<li>Optimizacija poslovanja i procesa u proizvodnim organizacijama jo\u0161 uvijek nije dovr\u0161ena. Tako\u0111er je potrebno renovirati procese prije same digitalizacije (npr. prije izrade nacrta).<\/li>\n<li>Velika ve\u0107ina slovenskih tvrtki, u smislu spremnosti za uvo\u0111enje Industrije 4.0, u ranoj je fazi razvoja odn. spremnost za uvo\u0111enje industrije 4.0.<\/li>\n<li>Obi\u010dno tvrtke ina\u010de imaju automatizirane procese, stje\u010du ili. prikupiti velike koli\u010dine podataka iz raznih izvora. Me\u0111utim, ti podaci \u010desto nisu povezani ili ne koriste se posebno za optimizaciju u\u010dinka organizacije. Va\u017ena zna\u010dajka ove faze je i to \u0161to kori\u0161tenje podataka nije automatizirano.<\/li>\n<\/ul>\n<h3>Ne\u0107e biti suvi\u0161no ponoviti:<span> <\/span><strong>Lean procesi temelj su uspje\u0161ne transformacije<\/strong><\/h3>\n<p>[\/et_pb_cta][et_pb_image src=&#8221;https:\/\/lean-resitve.si\/wp-content\/uploads\/2021\/12\/BI-12.webp&#8221; alt=&#8221;TPM&#8221; title_text=&#8221;BI-12&#8243; _builder_version=&#8221;4.17.3&#8243; _module_preset=&#8221;default&#8221; hover_enabled=&#8221;0&#8243; global_colors_info=&#8221;{}&#8221; sticky_enabled=&#8221;0&#8243;][\/et_pb_image][\/et_pb_column][\/et_pb_row][\/et_pb_section][et_pb_section fb_built=&#8221;1&#8243; admin_label=&#8221;Contact Form Section&#8221; _builder_version=&#8221;4.16&#8243; background_color=&#8221;rgba(0,0,0,0.38)&#8221; custom_padding=&#8221;110px||110px|&#8221; animation_style=&#8221;zoom&#8221; animation_direction=&#8221;bottom&#8221; animation_intensity_zoom=&#8221;10%&#8221; saved_tabs=&#8221;all&#8221; global_colors_info=&#8221;{}&#8221; da_is_popup=&#8221;off&#8221; da_exit_intent=&#8221;off&#8221; da_has_close=&#8221;on&#8221; da_alt_close=&#8221;off&#8221; da_dark_close=&#8221;off&#8221; da_not_modal=&#8221;on&#8221; da_is_singular=&#8221;off&#8221; da_with_loader=&#8221;off&#8221; da_has_shadow=&#8221;on&#8221; da_disable_devices=&#8221;off|off|off&#8221;][et_pb_row admin_label=&#8221;Naslov odjeljka usluge&#8221; _builder_version=&#8221;4.16&#8243; custom_margin=&#8221;||40px|&#8221; animation_style=&#8221;fade&#8221; animation_direction=&#8221;top&#8221; locked=&#8221;off&#8221; global_colors_info=&#8221;{}&#8221;][et_pb_column type=&#8221;4_4&#8243; _builder_version=&#8221;4.16&#8243; custom_padding=&#8221;|||&#8221; global_colors_info=&#8221;{}&#8221; custom_padding__hover=&#8221;|||&#8221;][et_pb_text admin_label=&#8221;Title&#8221; _builder_version=&#8221;4.16&#8243; text_font=&#8221;Montserrat||||||||&#8221; text_text_color=&#8221;#747d88&#8243; text_font_size=&#8221;16px&#8221; text_line_height=&#8221;1.9em&#8221; header_font=&#8221;||||||||&#8221; header_2_font=&#8221;Montserrat|700||on|||||&#8221; header_2_font_size=&#8221;42px&#8221; header_2_line_height=&#8221;1.3em&#8221; background_size=&#8221;initial&#8221; background_position=&#8221;top_left&#8221; background_repeat=&#8221;repeat&#8221; text_orientation=&#8221;center&#8221; max_width=&#8221;700px&#8221; module_alignment=&#8221;center&#8221; animation_style=&#8221;slide&#8221; animation_direction=&#8221;bottom&#8221; animation_intensity_slide=&#8221;4%&#8221; global_colors_info=&#8221;{}&#8221;]<\/p>\n<h2>Kontaktirajte nas<\/h2>\n<p>[\/et_pb_text][\/et_pb_column][\/et_pb_row][et_pb_row admin_label=&#8221;Kontakt obrazac&#8221; _builder_version=&#8221;4.16&#8243; animation_style=&#8221;fade&#8221; global_colors_info=&#8221;{}&#8221;][et_pb_column type=&#8221;4_4&#8243; _builder_version=&#8221;4.16&#8243; custom_padding=&#8221;|||&#8221; global_colors_info=&#8221;{}&#8221; custom_padding__hover=&#8221;|||&#8221;][et_pb_contact_form captcha=&#8221;off&#8221; submit_button_text=&#8221;Poslati&#8221; module_id=&#8221;et_pb_contact_form_0&#8243; _builder_version=&#8221;4.17.3&#8243; _unique_id=&#8221;d36727b2-2600-44bf-8e6c-4227b4e314ed&#8221; form_field_background_color=&#8221;rgba(255,255,255,0)&#8221; form_field_text_color=&#8221;#353740&#8243; form_field_font=&#8221;Montserrat||||&#8221; form_field_font_size=&#8221;16px&#8221; custom_button=&#8221;on&#8221; button_text_color=&#8221;#ffffff&#8221; button_border_width=&#8221;5px&#8221; button_border_color=&#8221;#ffffff&#8221; button_border_radius=&#8221;100px&#8221; button_letter_spacing=&#8221;2px&#8221; button_font=&#8221;Montserrat|on||on|&#8221; button_icon=&#8221;&#x45;||divi||400&#8243; button_icon_color=&#8221;#ffffff&#8221; max_width=&#8221;800px&#8221; module_alignment=&#8221;center&#8221; animation_style=&#8221;fade&#8221; box_shadow_style=&#8221;preset7&#8243; box_shadow_horizontal=&#8221;0px&#8221; box_shadow_vertical=&#8221;-1px&#8221; box_shadow_color=&#8221;rgba(0,0,0,0.18)&#8221; form_background_color=&#8221;rgba(255,255,255,0)&#8221; global_colors_info=&#8221;{}&#8221;][et_pb_contact_field field_id=&#8221;name&#8221; field_title=&#8221;Ime&#8221; fullwidth_field=&#8221;on&#8221; _builder_version=&#8221;4.17.3&#8243; global_colors_info=&#8221;{}&#8221; button_text_size__hover_enabled=&#8221;off&#8221; button_one_text_size__hover_enabled=&#8221;off&#8221; button_two_text_size__hover_enabled=&#8221;off&#8221; button_text_color__hover_enabled=&#8221;off&#8221; button_one_text_color__hover_enabled=&#8221;off&#8221; button_two_text_color__hover_enabled=&#8221;off&#8221; button_border_width__hover_enabled=&#8221;off&#8221; button_one_border_width__hover_enabled=&#8221;off&#8221; button_two_border_width__hover_enabled=&#8221;off&#8221; button_border_color__hover_enabled=&#8221;off&#8221; button_one_border_color__hover_enabled=&#8221;off&#8221; button_two_border_color__hover_enabled=&#8221;off&#8221; button_border_radius__hover_enabled=&#8221;off&#8221; button_one_border_radius__hover_enabled=&#8221;off&#8221; button_two_border_radius__hover_enabled=&#8221;off&#8221; button_letter_spacing__hover_enabled=&#8221;off&#8221; button_one_letter_spacing__hover_enabled=&#8221;off&#8221; button_two_letter_spacing__hover_enabled=&#8221;off&#8221; button_bg_color__hover_enabled=&#8221;off&#8221; button_one_bg_color__hover_enabled=&#8221;off&#8221; button_two_bg_color__hover_enabled=&#8221;off&#8221;][\/et_pb_contact_field][et_pb_contact_field field_id=&#8221;Email&#8221; field_title=&#8221;E-mail&#8221; field_type=&#8221;email&#8221; fullwidth_field=&#8221;on&#8221; _builder_version=&#8221;4.17.3&#8243; global_colors_info=&#8221;{}&#8221; button_text_size__hover_enabled=&#8221;off&#8221; button_one_text_size__hover_enabled=&#8221;off&#8221; button_two_text_size__hover_enabled=&#8221;off&#8221; button_text_color__hover_enabled=&#8221;off&#8221; button_one_text_color__hover_enabled=&#8221;off&#8221; button_two_text_color__hover_enabled=&#8221;off&#8221; button_border_width__hover_enabled=&#8221;off&#8221; button_one_border_width__hover_enabled=&#8221;off&#8221; button_two_border_width__hover_enabled=&#8221;off&#8221; button_border_color__hover_enabled=&#8221;off&#8221; button_one_border_color__hover_enabled=&#8221;off&#8221; button_two_border_color__hover_enabled=&#8221;off&#8221; button_border_radius__hover_enabled=&#8221;off&#8221; button_one_border_radius__hover_enabled=&#8221;off&#8221; button_two_border_radius__hover_enabled=&#8221;off&#8221; button_letter_spacing__hover_enabled=&#8221;off&#8221; button_one_letter_spacing__hover_enabled=&#8221;off&#8221; button_two_letter_spacing__hover_enabled=&#8221;off&#8221; button_bg_color__hover_enabled=&#8221;off&#8221; button_one_bg_color__hover_enabled=&#8221;off&#8221; button_two_bg_color__hover_enabled=&#8221;off&#8221;][\/et_pb_contact_field][et_pb_contact_field field_id=&#8221;Company&#8221; field_title=&#8221;Tvrtka&#8221; fullwidth_field=&#8221;on&#8221; _builder_version=&#8221;4.16&#8243; global_colors_info=&#8221;{}&#8221; button_text_size__hover_enabled=&#8221;off&#8221; button_one_text_size__hover_enabled=&#8221;off&#8221; button_two_text_size__hover_enabled=&#8221;off&#8221; button_text_color__hover_enabled=&#8221;off&#8221; button_one_text_color__hover_enabled=&#8221;off&#8221; button_two_text_color__hover_enabled=&#8221;off&#8221; button_border_width__hover_enabled=&#8221;off&#8221; button_one_border_width__hover_enabled=&#8221;off&#8221; button_two_border_width__hover_enabled=&#8221;off&#8221; button_border_color__hover_enabled=&#8221;off&#8221; button_one_border_color__hover_enabled=&#8221;off&#8221; button_two_border_color__hover_enabled=&#8221;off&#8221; button_border_radius__hover_enabled=&#8221;off&#8221; button_one_border_radius__hover_enabled=&#8221;off&#8221; button_two_border_radius__hover_enabled=&#8221;off&#8221; button_letter_spacing__hover_enabled=&#8221;off&#8221; button_one_letter_spacing__hover_enabled=&#8221;off&#8221; button_two_letter_spacing__hover_enabled=&#8221;off&#8221; button_bg_color__hover_enabled=&#8221;off&#8221; button_one_bg_color__hover_enabled=&#8221;off&#8221; button_two_bg_color__hover_enabled=&#8221;off&#8221;][\/et_pb_contact_field][et_pb_contact_field field_id=&#8221;Message&#8221; field_title=&#8221;Ja sam zainteresiran&#8221; field_type=&#8221;text&#8221; fullwidth_field=&#8221;on&#8221; _builder_version=&#8221;4.16&#8243; custom_margin=&#8221;||60px|&#8221; custom_padding=&#8221;|||&#8221; global_colors_info=&#8221;{}&#8221; button_text_size__hover_enabled=&#8221;off&#8221; button_one_text_size__hover_enabled=&#8221;off&#8221; button_two_text_size__hover_enabled=&#8221;off&#8221; button_text_color__hover_enabled=&#8221;off&#8221; button_one_text_color__hover_enabled=&#8221;off&#8221; button_two_text_color__hover_enabled=&#8221;off&#8221; button_border_width__hover_enabled=&#8221;off&#8221; button_one_border_width__hover_enabled=&#8221;off&#8221; button_two_border_width__hover_enabled=&#8221;off&#8221; button_border_color__hover_enabled=&#8221;off&#8221; button_one_border_color__hover_enabled=&#8221;off&#8221; button_two_border_color__hover_enabled=&#8221;off&#8221; button_border_radius__hover_enabled=&#8221;off&#8221; button_one_border_radius__hover_enabled=&#8221;off&#8221; button_two_border_radius__hover_enabled=&#8221;off&#8221; button_letter_spacing__hover_enabled=&#8221;off&#8221; button_one_letter_spacing__hover_enabled=&#8221;off&#8221; button_two_letter_spacing__hover_enabled=&#8221;off&#8221; button_bg_color__hover_enabled=&#8221;off&#8221; button_one_bg_color__hover_enabled=&#8221;off&#8221; button_two_bg_color__hover_enabled=&#8221;off&#8221;][\/et_pb_contact_field][\/et_pb_contact_form][\/et_pb_column][\/et_pb_row][\/et_pb_section]<\/p>\n","protected":false},"excerpt":{"rendered":"<p>Lean procesi temelj su uspje\u0161ne digitalizacije i najbolji su alat na putu do izvrsnosti, postizanja trajnog napretka i prilago\u0111avanja poslovanja zahtjevima kupaca. Prakti\u010dna radionica \u0107e na zanimljiv i interaktivan na\u010din predstaviti poglede i izazove s kojima se tvrtke susre\u0107u u odr\u017eavanju gospodarskog u\u010dinka i rasta.<\/p>\n","protected":false},"author":2,"featured_media":3693,"parent":0,"menu_order":0,"comment_status":"closed","ping_status":"closed","template":"","meta":{"_et_pb_use_builder":"on","_et_pb_old_content":"","_et_gb_content_width":"","footnotes":""},"class_list":["post-4407","page","type-page","status-publish","has-post-thumbnail","hentry"],"_links":{"self":[{"href":"https:\/\/lean-resitve.si\/hr\/wp-json\/wp\/v2\/pages\/4407","targetHints":{"allow":["GET"]}}],"collection":[{"href":"https:\/\/lean-resitve.si\/hr\/wp-json\/wp\/v2\/pages"}],"about":[{"href":"https:\/\/lean-resitve.si\/hr\/wp-json\/wp\/v2\/types\/page"}],"author":[{"embeddable":true,"href":"https:\/\/lean-resitve.si\/hr\/wp-json\/wp\/v2\/users\/2"}],"replies":[{"embeddable":true,"href":"https:\/\/lean-resitve.si\/hr\/wp-json\/wp\/v2\/comments?post=4407"}],"version-history":[{"count":4,"href":"https:\/\/lean-resitve.si\/hr\/wp-json\/wp\/v2\/pages\/4407\/revisions"}],"predecessor-version":[{"id":19154,"href":"https:\/\/lean-resitve.si\/hr\/wp-json\/wp\/v2\/pages\/4407\/revisions\/19154"}],"wp:featuredmedia":[{"embeddable":true,"href":"https:\/\/lean-resitve.si\/hr\/wp-json\/wp\/v2\/media\/3693"}],"wp:attachment":[{"href":"https:\/\/lean-resitve.si\/hr\/wp-json\/wp\/v2\/media?parent=4407"}],"curies":[{"name":"wp","href":"https:\/\/api.w.org\/{rel}","templated":true}]}}